{"id":5,"date":"2021-11-24T11:44:24","date_gmt":"2021-11-24T10:44:24","guid":{"rendered":"http:\/\/www.oisdaun.at\/HM\/?page_id=5"},"modified":"2021-11-25T11:28:10","modified_gmt":"2021-11-25T10:28:10","slug":"zirbenlampen","status":"publish","type":"page","link":"https:\/\/www.oisdaun.at\/HM\/","title":{"rendered":"Zirbenlampen"},"content":{"rendered":"\n<p>Hier sind einige aktuelle Zirbenlampen zu sehen, die k\u00e4uflich zu erwerben sind !<\/p>\n\n\n\n<p>en von mir mit einer Form bedacht, die dem Maser-und Astverlauf des jeweiligen Holzst\u00fcckes am meisten entsprechen, die durchschnittliche Wandst\u00e4rke betr\u00e4gt 2,5 mm, dies ist ein Kompromiss zwischen Stabilit\u00e4t und Durchscheinst\u00e4rke der Led Lampen, die nat\u00fcrlich im Preis inbegriffen sind !<\/p>\n\n\n\n<h2 class=\"wp-block-heading\">Zirbenlampe 4<\/h2>\n\n\n\n<p>H\u00f6he ca 29,5 cm, Preis 175,-\u20ac<\/p>\n\n\n\n<figure class=\"wp-block-image size-large\"><img loading=\"lazy\" decoding=\"async\" width=\"768\" height=\"1024\" src=\"http:\/\/www.oisdaun.at\/HM\/wp-content\/uploads\/2021\/11\/Lampe-Zirbe-4a-768x1024.jpg\" alt=\"Zirbenlampe\" class=\"wp-image-3873\" srcset=\"https:\/\/www.oisdaun.at\/HM\/wp-content\/uploads\/2021\/11\/Lampe-Zirbe-4a-768x1024.jpg 768w, https:\/\/www.oisdaun.at\/HM\/wp-content\/uploads\/2021\/11\/Lampe-Zirbe-4a-225x300.jpg 225w, https:\/\/www.oisdaun.at\/HM\/wp-content\/uploads\/2021\/11\/Lampe-Zirbe-4a-1152x1536.jpg 1152w, https:\/\/www.oisdaun.at\/HM\/wp-content\/uploads\/2021\/11\/Lampe-Zirbe-4a-1536x2048.jpg 1536w, https:\/\/www.oisdaun.at\/HM\/wp-content\/uploads\/2021\/11\/Lampe-Zirbe-4a-scaled.jpg 1920w\" sizes=\"auto, (max-width: 768px) 100vw, 768px\" \/><\/figure>\n\n\n\n<figure class=\"wp-block-image size-large is-style-default\"><img loading=\"lazy\" decoding=\"async\" width=\"768\" height=\"1024\" src=\"http:\/\/www.oisdaun.at\/HM\/wp-content\/uploads\/2021\/11\/Lampe-Zirbe-4b-768x1024.jpg\" alt=\"Zirbenlampe\" class=\"wp-image-3880\" srcset=\"https:\/\/www.oisdaun.at\/HM\/wp-content\/uploads\/2021\/11\/Lampe-Zirbe-4b-768x1024.jpg 768w, https:\/\/www.oisdaun.at\/HM\/wp-content\/uploads\/2021\/11\/Lampe-Zirbe-4b-225x300.jpg 225w, https:\/\/www.oisdaun.at\/HM\/wp-content\/uploads\/2021\/11\/Lampe-Zirbe-4b-1152x1536.jpg 1152w, https:\/\/www.oisdaun.at\/HM\/wp-content\/uploads\/2021\/11\/Lampe-Zirbe-4b-1536x2048.jpg 1536w, https:\/\/www.oisdaun.at\/HM\/wp-content\/uploads\/2021\/11\/Lampe-Zirbe-4b-scaled.jpg 1920w\" sizes=\"auto, (max-width: 768px) 100vw, 768px\" \/><\/figure>\n\n\n\n<figure class=\"wp-block-image size-large is-style-default\"><img loading=\"lazy\" decoding=\"async\" width=\"768\" height=\"1024\" src=\"http:\/\/www.oisdaun.at\/HM\/wp-content\/uploads\/2021\/11\/Lampe-Zirbe-4c-768x1024.jpg\" alt=\"Zirbenlampe\" class=\"wp-image-3887\" srcset=\"https:\/\/www.oisdaun.at\/HM\/wp-content\/uploads\/2021\/11\/Lampe-Zirbe-4c-768x1024.jpg 768w, https:\/\/www.oisdaun.at\/HM\/wp-content\/uploads\/2021\/11\/Lampe-Zirbe-4c-225x300.jpg 225w, https:\/\/www.oisdaun.at\/HM\/wp-content\/uploads\/2021\/11\/Lampe-Zirbe-4c-1152x1536.jpg 1152w, https:\/\/www.oisdaun.at\/HM\/wp-content\/uploads\/2021\/11\/Lampe-Zirbe-4c-1536x2048.jpg 1536w, https:\/\/www.oisdaun.at\/HM\/wp-content\/uploads\/2021\/11\/Lampe-Zirbe-4c-scaled.jpg 1920w\" sizes=\"auto, (max-width: 768px) 100vw, 768px\" \/><\/figure>\n\n\n\n<figure class=\"wp-block-image size-large is-style-default\"><img loading=\"lazy\" decoding=\"async\" width=\"768\" height=\"1024\" src=\"http:\/\/www.oisdaun.at\/HM\/wp-content\/uploads\/2021\/11\/Lampe-Zirbe-4d-768x1024.jpg\" alt=\"Zirbenlampe\" class=\"wp-image-3894\" srcset=\"https:\/\/www.oisdaun.at\/HM\/wp-content\/uploads\/2021\/11\/Lampe-Zirbe-4d-768x1024.jpg 768w, https:\/\/www.oisdaun.at\/HM\/wp-content\/uploads\/2021\/11\/Lampe-Zirbe-4d-225x300.jpg 225w, https:\/\/www.oisdaun.at\/HM\/wp-content\/uploads\/2021\/11\/Lampe-Zirbe-4d-1152x1536.jpg 1152w, https:\/\/www.oisdaun.at\/HM\/wp-content\/uploads\/2021\/11\/Lampe-Zirbe-4d-1536x2048.jpg 1536w, https:\/\/www.oisdaun.at\/HM\/wp-content\/uploads\/2021\/11\/Lampe-Zirbe-4d-scaled.jpg 1920w\" sizes=\"auto, (max-width: 768px) 100vw, 768px\" \/><\/figure>\n\n\n\n<figure class=\"wp-block-image size-large is-style-default\"><img loading=\"lazy\" decoding=\"async\" width=\"768\" height=\"1024\" src=\"http:\/\/www.oisdaun.at\/HM\/wp-content\/uploads\/2021\/11\/Lampe-Zirbe-4e-768x1024.jpg\" alt=\"\" class=\"wp-image-3901\" srcset=\"https:\/\/www.oisdaun.at\/HM\/wp-content\/uploads\/2021\/11\/Lampe-Zirbe-4e-768x1024.jpg 768w, https:\/\/www.oisdaun.at\/HM\/wp-content\/uploads\/2021\/11\/Lampe-Zirbe-4e-225x300.jpg 225w, https:\/\/www.oisdaun.at\/HM\/wp-content\/uploads\/2021\/11\/Lampe-Zirbe-4e-1152x1536.jpg 1152w, https:\/\/www.oisdaun.at\/HM\/wp-content\/uploads\/2021\/11\/Lampe-Zirbe-4e-1536x2048.jpg 1536w, https:\/\/www.oisdaun.at\/HM\/wp-content\/uploads\/2021\/11\/Lampe-Zirbe-4e-scaled.jpg 1920w\" sizes=\"auto, (max-width: 768px) 100vw, 768px\" \/><\/figure>\n\n\n\n<h2 class=\"wp-block-heading\">Zirbenlampe 2<\/h2>\n\n\n\n<p>H\u00f6he ca 25 cm, Preis 145,-\u20ac<\/p>\n\n\n\n<figure class=\"wp-block-image size-large is-style-default\"><img loading=\"lazy\" decoding=\"async\" width=\"768\" height=\"1024\" src=\"http:\/\/www.oisdaun.at\/HM\/wp-content\/uploads\/2021\/11\/Lampe-Zirbe-2a-768x1024.jpg\" alt=\"Zirbenlampe\" class=\"wp-image-3831\" srcset=\"https:\/\/www.oisdaun.at\/HM\/wp-content\/uploads\/2021\/11\/Lampe-Zirbe-2a-768x1024.jpg 768w, https:\/\/www.oisdaun.at\/HM\/wp-content\/uploads\/2021\/11\/Lampe-Zirbe-2a-225x300.jpg 225w, https:\/\/www.oisdaun.at\/HM\/wp-content\/uploads\/2021\/11\/Lampe-Zirbe-2a-1152x1536.jpg 1152w, https:\/\/www.oisdaun.at\/HM\/wp-content\/uploads\/2021\/11\/Lampe-Zirbe-2a-1536x2048.jpg 1536w, https:\/\/www.oisdaun.at\/HM\/wp-content\/uploads\/2021\/11\/Lampe-Zirbe-2a-scaled.jpg 1920w\" sizes=\"auto, (max-width: 768px) 100vw, 768px\" \/><\/figure>\n\n\n\n<figure class=\"wp-block-image size-large is-style-default\"><img loading=\"lazy\" decoding=\"async\" width=\"768\" height=\"1024\" src=\"http:\/\/www.oisdaun.at\/HM\/wp-content\/uploads\/2021\/11\/Lampe-Zirbe-2b-768x1024.jpg\" alt=\"Zirbenlampe\" class=\"wp-image-3838\" srcset=\"https:\/\/www.oisdaun.at\/HM\/wp-content\/uploads\/2021\/11\/Lampe-Zirbe-2b-768x1024.jpg 768w, https:\/\/www.oisdaun.at\/HM\/wp-content\/uploads\/2021\/11\/Lampe-Zirbe-2b-225x300.jpg 225w, https:\/\/www.oisdaun.at\/HM\/wp-content\/uploads\/2021\/11\/Lampe-Zirbe-2b-1152x1536.jpg 1152w, https:\/\/www.oisdaun.at\/HM\/wp-content\/uploads\/2021\/11\/Lampe-Zirbe-2b-1536x2048.jpg 1536w, https:\/\/www.oisdaun.at\/HM\/wp-content\/uploads\/2021\/11\/Lampe-Zirbe-2b-scaled.jpg 1920w\" sizes=\"auto, (max-width: 768px) 100vw, 768px\" \/><\/figure>\n\n\n\n<figure class=\"wp-block-image size-large is-style-default\"><img loading=\"lazy\" decoding=\"async\" width=\"768\" height=\"1024\" src=\"http:\/\/www.oisdaun.at\/HM\/wp-content\/uploads\/2021\/11\/Lampe-Zirbe-2c-768x1024.jpg\" alt=\"Zirbenlampe\" class=\"wp-image-3845\" srcset=\"https:\/\/www.oisdaun.at\/HM\/wp-content\/uploads\/2021\/11\/Lampe-Zirbe-2c-768x1024.jpg 768w, https:\/\/www.oisdaun.at\/HM\/wp-content\/uploads\/2021\/11\/Lampe-Zirbe-2c-225x300.jpg 225w, https:\/\/www.oisdaun.at\/HM\/wp-content\/uploads\/2021\/11\/Lampe-Zirbe-2c-1152x1536.jpg 1152w, https:\/\/www.oisdaun.at\/HM\/wp-content\/uploads\/2021\/11\/Lampe-Zirbe-2c-1536x2048.jpg 1536w, https:\/\/www.oisdaun.at\/HM\/wp-content\/uploads\/2021\/11\/Lampe-Zirbe-2c-scaled.jpg 1920w\" sizes=\"auto, (max-width: 768px) 100vw, 768px\" \/><\/figure>\n\n\n\n<h2 class=\"wp-block-heading\">Zirbenlampe 3<\/h2>\n\n\n\n<p>H\u00f6he ca 25,5 cm, Preis 155,-\u20ac<\/p>\n\n\n\n<figure class=\"wp-block-image size-large is-style-default\"><img loading=\"lazy\" decoding=\"async\" width=\"768\" height=\"1024\" src=\"http:\/\/www.oisdaun.at\/HM\/wp-content\/uploads\/2021\/11\/Lampe-Zirbe-3a-768x1024.jpg\" alt=\"Zirbenlampe\" class=\"wp-image-3852\" srcset=\"https:\/\/www.oisdaun.at\/HM\/wp-content\/uploads\/2021\/11\/Lampe-Zirbe-3a-768x1024.jpg 768w, https:\/\/www.oisdaun.at\/HM\/wp-content\/uploads\/2021\/11\/Lampe-Zirbe-3a-225x300.jpg 225w, https:\/\/www.oisdaun.at\/HM\/wp-content\/uploads\/2021\/11\/Lampe-Zirbe-3a-1152x1536.jpg 1152w, https:\/\/www.oisdaun.at\/HM\/wp-content\/uploads\/2021\/11\/Lampe-Zirbe-3a-1536x2048.jpg 1536w, https:\/\/www.oisdaun.at\/HM\/wp-content\/uploads\/2021\/11\/Lampe-Zirbe-3a-scaled.jpg 1920w\" sizes=\"auto, (max-width: 768px) 100vw, 768px\" \/><\/figure>\n\n\n\n<figure class=\"wp-block-image size-large is-style-default\"><img loading=\"lazy\" decoding=\"async\" width=\"768\" height=\"1024\" src=\"http:\/\/www.oisdaun.at\/HM\/wp-content\/uploads\/2021\/11\/Lampe-Zirbe-3b-768x1024.jpg\" alt=\"Zirbenlampe\" class=\"wp-image-3859\" srcset=\"https:\/\/www.oisdaun.at\/HM\/wp-content\/uploads\/2021\/11\/Lampe-Zirbe-3b-768x1024.jpg 768w, https:\/\/www.oisdaun.at\/HM\/wp-content\/uploads\/2021\/11\/Lampe-Zirbe-3b-225x300.jpg 225w, https:\/\/www.oisdaun.at\/HM\/wp-content\/uploads\/2021\/11\/Lampe-Zirbe-3b-1152x1536.jpg 1152w, https:\/\/www.oisdaun.at\/HM\/wp-content\/uploads\/2021\/11\/Lampe-Zirbe-3b-1536x2048.jpg 1536w, https:\/\/www.oisdaun.at\/HM\/wp-content\/uploads\/2021\/11\/Lampe-Zirbe-3b-scaled.jpg 1920w\" sizes=\"auto, (max-width: 768px) 100vw, 768px\" \/><\/figure>\n\n\n\n<figure class=\"wp-block-image size-large is-style-default\"><img loading=\"lazy\" decoding=\"async\" width=\"768\" height=\"1024\" src=\"http:\/\/www.oisdaun.at\/HM\/wp-content\/uploads\/2021\/11\/Lampe-Zirbe-3c-768x1024.jpg\" alt=\"Zirbenlampe\" class=\"wp-image-3866\" srcset=\"https:\/\/www.oisdaun.at\/HM\/wp-content\/uploads\/2021\/11\/Lampe-Zirbe-3c-768x1024.jpg 768w, https:\/\/www.oisdaun.at\/HM\/wp-content\/uploads\/2021\/11\/Lampe-Zirbe-3c-225x300.jpg 225w, https:\/\/www.oisdaun.at\/HM\/wp-content\/uploads\/2021\/11\/Lampe-Zirbe-3c-1152x1536.jpg 1152w, https:\/\/www.oisdaun.at\/HM\/wp-content\/uploads\/2021\/11\/Lampe-Zirbe-3c-1536x2048.jpg 1536w, https:\/\/www.oisdaun.at\/HM\/wp-content\/uploads\/2021\/11\/Lampe-Zirbe-3c-scaled.jpg 1920w\" sizes=\"auto, (max-width: 768px) 100vw, 768px\" \/><\/figure>\n","protected":false},"excerpt":{"rendered":"<p>Hier sind einige aktuelle Zirbenlampen zu sehen, die k\u00e4uflich zu erwerben sind ! en von mir mit einer Form bedacht, die dem Maser-und Astverlauf des jeweiligen Holzst\u00fcckes am meisten entsprechen, die durchschnittliche Wandst\u00e4rke betr\u00e4gt 2,5 mm, dies ist ein Kompromiss zwischen Stabilit\u00e4t und Durchscheinst\u00e4rke der Led Lampen, die nat\u00fcrlich im Preis inbegriffen sind ! Zirbenlampe &hellip; <a href=\"https:\/\/www.oisdaun.at\/HM\/\" class=\"more-link\">Continue reading <span class=\"screen-reader-text\">Zirbenlampen<\/span> <span class=\"meta-nav\">&rarr;<\/span><\/a><\/p>\n","protected":false},"author":1,"featured_media":0,"parent":0,"menu_order":0,"comment_status":"closed","ping_status":"closed","template":"","meta":{"footnotes":""},"class_list":["post-5","page","type-page","status-publish","hentry"],"_links":{"self":[{"href":"https:\/\/www.oisdaun.at\/HM\/wp-json\/wp\/v2\/pages\/5","targetHints":{"allow":["GET"]}}],"collection":[{"href":"https:\/\/www.oisdaun.at\/HM\/wp-json\/wp\/v2\/pages"}],"about":[{"href":"https:\/\/www.oisdaun.at\/HM\/wp-json\/wp\/v2\/types\/page"}],"author":[{"embeddable":true,"href":"https:\/\/www.oisdaun.at\/HM\/wp-json\/wp\/v2\/users\/1"}],"replies":[{"embeddable":true,"href":"https:\/\/www.oisdaun.at\/HM\/wp-json\/wp\/v2\/comments?post=5"}],"version-history":[{"count":3,"href":"https:\/\/www.oisdaun.at\/HM\/wp-json\/wp\/v2\/pages\/5\/revisions"}],"predecessor-version":[{"id":4172,"href":"https:\/\/www.oisdaun.at\/HM\/wp-json\/wp\/v2\/pages\/5\/revisions\/4172"}],"wp:attachment":[{"href":"https:\/\/www.oisdaun.at\/HM\/wp-json\/wp\/v2\/media?parent=5"}],"curies":[{"name":"wp","href":"https:\/\/api.w.org\/{rel}","templated":true}]}}