{"id":4319,"date":"2021-11-28T11:45:56","date_gmt":"2021-11-28T10:45:56","guid":{"rendered":"http:\/\/www.oisdaun.at\/HM\/?page_id=4319"},"modified":"2021-11-28T11:45:56","modified_gmt":"2021-11-28T10:45:56","slug":"wer-bin-ich","status":"publish","type":"page","link":"https:\/\/www.oisdaun.at\/HM\/wer-bin-ich\/","title":{"rendered":"Wer bin ich"},"content":{"rendered":"\n<p>Mein Name ist Markus Hinterreither und ich bin schon sehr lange mit dem Werkstoff Holz verbunden. Seit einigen Jahren besch\u00e4ftige ich mich sehr intensiv mit meinem neuen Hobby, dem &#8222;Rundmachen&#8220; sch\u00f6ner H\u00f6lzer. Eine unglaublich Vielfalt an Holzsorten und ihren Farben ergibt erstaunliche M\u00f6glichkeiten diverse Ziergegenst\u00e4nde und Gebrauchsgegenst\u00e4nde herzustellen.<\/p>\n\n\n\n<p>Es werden nur hochwertige H\u00f6lzer, bei den Kugelschreibern und F\u00fcllern hochwertigste Minen und Spitzen und bei den Salz und Pfefferm\u00fchlen Schweizer Edelstahl und Keramikwahlwerke verwendet.<\/p>\n\n\n\n<p>Auf dieser Homepage zeige ich einige der Werke die ich in den letzten Jahren gefertigt habe. Diese Werke sollen Ihre eigene Kreativit\u00e4t anregen und Sie k\u00f6nnen mir dann Ihren Vorstellungen und W\u00fcnsche mitteilen, ich bin mir sicher dass wir einen Weg finden Ihren Wunschgegenstand zu fertigen !<\/p>\n\n\n\n<p>Besoders gerne arbeite ich mit der Zirbe. Die gesundheitsf\u00f6rdernde Wirkung der Zirbe ist ja hinl\u00e4nglich bekannt und so f\u00fchrt mich der Weg \u00f6fters nach K\u00e4rnten um Zirbenholz zu &#8222;suchen&#8220;. Den nur aus den \u00e4ltesten B\u00e4umen kann man so gro\u00dfe H\u00f6lzer schneiden um zB Teller mit 75 cm Durchmesser zu fertigen, bzw auch Brotdosen aus einem St\u00fcck !&nbsp; Ich verwende nur luftgetrocknete Zirbe, dies ist zwar etwas aufw\u00e4ndiger und teurer in der Beschaffung allerdings ist dies die einzige M\u00f6glichkeit das wertvolle Pinosylvin, das \u00d6l der Zirbe, auch im Holz zu belassen. Bei der \u00fcblichen maschinellen Trocknung wie sie meist geschieht geht durch den Trocknungsproze\u00df das \u00d6l verloren !<\/p>\n\n\n\n<p>Auch die Kugeln f\u00fcr die Wasserkaraffen und die mit feinsten und immer frischen Zirbensp\u00e4nen gef\u00fcllten Polster erfreuen sich gr\u00f6\u00dfter Beliebtheit.<\/p>\n\n\n\n<p>Nat\u00fcrlich kann man auch nur die Sp\u00e4ne erwerben wenn man schon einen sch\u00f6nen Polster hat und dieser allerdings den Geruch schon verloren hat.<\/p>\n\n\n\n<p>Ich w\u00fcnsche Ihnen viel Spa\u00df beim St\u00f6bern auf meiner Seite !<\/p>\n","protected":false},"excerpt":{"rendered":"<p>Mein Name ist Markus Hinterreither und ich bin schon sehr lange mit dem Werkstoff Holz verbunden. Seit einigen Jahren besch\u00e4ftige ich mich sehr intensiv mit meinem neuen Hobby, dem &#8222;Rundmachen&#8220; sch\u00f6ner H\u00f6lzer. Eine unglaublich Vielfalt an Holzsorten und ihren Farben ergibt erstaunliche M\u00f6glichkeiten diverse Ziergegenst\u00e4nde und Gebrauchsgegenst\u00e4nde herzustellen. Es werden nur hochwertige H\u00f6lzer, bei den &hellip; <a href=\"https:\/\/www.oisdaun.at\/HM\/wer-bin-ich\/\" class=\"more-link\">Continue reading <span class=\"screen-reader-text\">Wer bin ich<\/span> <span class=\"meta-nav\">&rarr;<\/span><\/a><\/p>\n","protected":false},"author":1,"featured_media":0,"parent":0,"menu_order":0,"comment_status":"closed","ping_status":"closed","template":"","meta":{"footnotes":""},"class_list":["post-4319","page","type-page","status-publish","hentry"],"_links":{"self":[{"href":"https:\/\/www.oisdaun.at\/HM\/wp-json\/wp\/v2\/pages\/4319","targetHints":{"allow":["GET"]}}],"collection":[{"href":"https:\/\/www.oisdaun.at\/HM\/wp-json\/wp\/v2\/pages"}],"about":[{"href":"https:\/\/www.oisdaun.at\/HM\/wp-json\/wp\/v2\/types\/page"}],"author":[{"embeddable":true,"href":"https:\/\/www.oisdaun.at\/HM\/wp-json\/wp\/v2\/users\/1"}],"replies":[{"embeddable":true,"href":"https:\/\/www.oisdaun.at\/HM\/wp-json\/wp\/v2\/comments?post=4319"}],"version-history":[{"count":1,"href":"https:\/\/www.oisdaun.at\/HM\/wp-json\/wp\/v2\/pages\/4319\/revisions"}],"predecessor-version":[{"id":4320,"href":"https:\/\/www.oisdaun.at\/HM\/wp-json\/wp\/v2\/pages\/4319\/revisions\/4320"}],"wp:attachment":[{"href":"https:\/\/www.oisdaun.at\/HM\/wp-json\/wp\/v2\/media?parent=4319"}],"curies":[{"name":"wp","href":"https:\/\/api.w.org\/{rel}","templated":true}]}}