{"id":4294,"date":"2021-11-25T12:31:36","date_gmt":"2021-11-25T11:31:36","guid":{"rendered":"http:\/\/www.oisdaun.at\/HM\/?page_id=4294"},"modified":"2021-12-19T12:32:23","modified_gmt":"2021-12-19T11:32:23","slug":"lampen","status":"publish","type":"page","link":"https:\/\/www.oisdaun.at\/HM\/lampen\/","title":{"rendered":"Lampen"},"content":{"rendered":"\n<p>Zumeist werden die Lampen aus Zirbe gefertigt, zur Versch\u00f6nerung Ihres Zirben(schlaf)zimmers !<\/p>\n\n\n\n<p>Die Wandst\u00e4rke dieser Lampen betr\u00e4gt im Schnitt 1 bis 2 mm, ausgenommen die Deckenlampen, die liegen bei etwa 3 bis 5 mm.<\/p>\n\n\n\n<figure class=\"wp-block-gallery columns-3 is-cropped wp-block-gallery-1 is-layout-flex wp-block-gallery-is-layout-flex\"><ul class=\"blocks-gallery-grid\"><li class=\"blocks-gallery-item\"><figure><img decoding=\"async\" src=\"https:\/\/www.oisdaun.at\/HM\/wp-content\/uploads\/2021\/11\/Zirbenlampe-3a.jpg\" alt=\"\" data-id=\"1923\" class=\"wp-image-1923\"\/><\/figure><\/li><li class=\"blocks-gallery-item\"><figure><img decoding=\"async\" src=\"https:\/\/www.oisdaun.at\/HM\/wp-content\/uploads\/2021\/11\/Zirbenlampe-3b.jpg\" alt=\"\" data-id=\"1924\" class=\"wp-image-1924\"\/><\/figure><\/li><li class=\"blocks-gallery-item\"><figure><img decoding=\"async\" src=\"https:\/\/www.oisdaun.at\/HM\/wp-content\/uploads\/2021\/11\/Zirbenlampe-3c.jpg\" alt=\"\" data-id=\"1925\" class=\"wp-image-1925\"\/><\/figure><\/li><li class=\"blocks-gallery-item\"><figure><img decoding=\"async\" src=\"https:\/\/www.oisdaun.at\/HM\/wp-content\/uploads\/2021\/11\/Zirbenlampe-4a.jpg\" alt=\"\" data-id=\"1926\" class=\"wp-image-1926\"\/><\/figure><\/li><li class=\"blocks-gallery-item\"><figure><img decoding=\"async\" src=\"https:\/\/www.oisdaun.at\/HM\/wp-content\/uploads\/2021\/11\/Zirbenlampe-4b.jpg\" alt=\"\" data-id=\"1927\" class=\"wp-image-1927\"\/><\/figure><\/li><li class=\"blocks-gallery-item\"><figure><img decoding=\"async\" src=\"https:\/\/www.oisdaun.at\/HM\/wp-content\/uploads\/2021\/11\/Lampenschirm-aus-Tulpenbaum.jpg\" alt=\"\" data-id=\"1671\" class=\"wp-image-1671\"\/><\/figure><\/li><li class=\"blocks-gallery-item\"><figure><img decoding=\"async\" src=\"https:\/\/www.oisdaun.at\/HM\/wp-content\/uploads\/2021\/11\/Zirbenlampe-1a.jpg\" alt=\"\" data-id=\"1672\" class=\"wp-image-1672\"\/><\/figure><\/li><li class=\"blocks-gallery-item\"><figure><img decoding=\"async\" src=\"https:\/\/www.oisdaun.at\/HM\/wp-content\/uploads\/2021\/11\/Zirbenlampe-1b.jpg\" alt=\"\" data-id=\"1673\" class=\"wp-image-1673\"\/><\/figure><\/li><li class=\"blocks-gallery-item\"><figure><img decoding=\"async\" src=\"https:\/\/www.oisdaun.at\/HM\/wp-content\/uploads\/2021\/11\/Zirbenlampe-1c.jpg\" alt=\"\" data-id=\"1674\" class=\"wp-image-1674\"\/><\/figure><\/li><li class=\"blocks-gallery-item\"><figure><img decoding=\"async\" src=\"https:\/\/www.oisdaun.at\/HM\/wp-content\/uploads\/2021\/11\/Zirbenlampe-1d.jpg\" alt=\"\" data-id=\"1675\" class=\"wp-image-1675\"\/><\/figure><\/li><li class=\"blocks-gallery-item\"><figure><img decoding=\"async\" src=\"https:\/\/www.oisdaun.at\/HM\/wp-content\/uploads\/2021\/11\/Zirbenlampe-a.jpg\" alt=\"\" data-id=\"1676\" class=\"wp-image-1676\"\/><\/figure><\/li><li class=\"blocks-gallery-item\"><figure><img decoding=\"async\" src=\"https:\/\/www.oisdaun.at\/HM\/wp-content\/uploads\/2021\/11\/Zirbenlampe-b.jpg\" alt=\"\" data-id=\"1677\" class=\"wp-image-1677\"\/><\/figure><\/li><li class=\"blocks-gallery-item\"><figure><img decoding=\"async\" src=\"https:\/\/www.oisdaun.at\/HM\/wp-content\/uploads\/2021\/11\/Zirbenlampe-c.jpg\" alt=\"\" data-id=\"1678\" class=\"wp-image-1678\"\/><\/figure><\/li><li class=\"blocks-gallery-item\"><figure><img decoding=\"async\" src=\"https:\/\/www.oisdaun.at\/HM\/wp-content\/uploads\/2021\/11\/Zirbenlampenschirm-2.jpg\" alt=\"\" data-id=\"1679\" class=\"wp-image-1679\"\/><\/figure><\/li><li class=\"blocks-gallery-item\"><figure><img decoding=\"async\" src=\"https:\/\/www.oisdaun.at\/HM\/wp-content\/uploads\/2021\/11\/Zirbenlampenschirm-2a.jpg\" alt=\"\" data-id=\"1680\" class=\"wp-image-1680\"\/><\/figure><\/li><li class=\"blocks-gallery-item\"><figure><img decoding=\"async\" src=\"https:\/\/www.oisdaun.at\/HM\/wp-content\/uploads\/2021\/11\/Zirbenlampenschirm-2b.jpg\" alt=\"\" data-id=\"1681\" class=\"wp-image-1681\"\/><\/figure><\/li><li class=\"blocks-gallery-item\"><figure><img decoding=\"async\" src=\"https:\/\/www.oisdaun.at\/HM\/wp-content\/uploads\/2021\/11\/Zirbenleuchte-22-cm..jpg\" alt=\"\" data-id=\"1682\" class=\"wp-image-1682\"\/><\/figure><\/li><li class=\"blocks-gallery-item\"><figure><img decoding=\"async\" src=\"https:\/\/www.oisdaun.at\/HM\/wp-content\/uploads\/2021\/11\/Zirbenleuchte-22-cm.jpg\" alt=\"\" data-id=\"1683\" class=\"wp-image-1683\"\/><\/figure><\/li><li class=\"blocks-gallery-item\"><figure><img decoding=\"async\" src=\"https:\/\/www.oisdaun.at\/HM\/wp-content\/uploads\/2021\/11\/Lampenschirm-aus-Apfelholz.jpg\" alt=\"\" data-id=\"1670\" class=\"wp-image-1670\"\/><\/figure><\/li><li class=\"blocks-gallery-item\"><figure><img decoding=\"async\" src=\"https:\/\/www.oisdaun.at\/HM\/wp-content\/uploads\/2021\/11\/Zirbenleuchter1.jpg\" alt=\"\" data-id=\"1930\" class=\"wp-image-1930\"\/><\/figure><\/li><\/ul><\/figure>\n","protected":false},"excerpt":{"rendered":"<p>Zumeist werden die Lampen aus Zirbe gefertigt, zur Versch\u00f6nerung Ihres Zirben(schlaf)zimmers ! Die Wandst\u00e4rke dieser Lampen betr\u00e4gt im Schnitt 1 bis 2 mm, ausgenommen die Deckenlampen, die liegen bei etwa 3 bis 5 mm.<\/p>\n","protected":false},"author":1,"featured_media":0,"parent":0,"menu_order":0,"comment_status":"closed","ping_status":"closed","template":"","meta":{"footnotes":""},"class_list":["post-4294","page","type-page","status-publish","hentry"],"_links":{"self":[{"href":"https:\/\/www.oisdaun.at\/HM\/wp-json\/wp\/v2\/pages\/4294","targetHints":{"allow":["GET"]}}],"collection":[{"href":"https:\/\/www.oisdaun.at\/HM\/wp-json\/wp\/v2\/pages"}],"about":[{"href":"https:\/\/www.oisdaun.at\/HM\/wp-json\/wp\/v2\/types\/page"}],"author":[{"embeddable":true,"href":"https:\/\/www.oisdaun.at\/HM\/wp-json\/wp\/v2\/users\/1"}],"replies":[{"embeddable":true,"href":"https:\/\/www.oisdaun.at\/HM\/wp-json\/wp\/v2\/comments?post=4294"}],"version-history":[{"count":4,"href":"https:\/\/www.oisdaun.at\/HM\/wp-json\/wp\/v2\/pages\/4294\/revisions"}],"predecessor-version":[{"id":4402,"href":"https:\/\/www.oisdaun.at\/HM\/wp-json\/wp\/v2\/pages\/4294\/revisions\/4402"}],"wp:attachment":[{"href":"https:\/\/www.oisdaun.at\/HM\/wp-json\/wp\/v2\/media?parent=4294"}],"curies":[{"name":"wp","href":"https:\/\/api.w.org\/{rel}","templated":true}]}}