{"id":4285,"date":"2021-11-25T12:13:41","date_gmt":"2021-11-25T11:13:41","guid":{"rendered":"http:\/\/www.oisdaun.at\/HM\/?page_id=4285"},"modified":"2021-11-25T12:25:56","modified_gmt":"2021-11-25T11:25:56","slug":"eine-weihnachtskugel-entsteht","status":"publish","type":"page","link":"https:\/\/www.oisdaun.at\/HM\/eine-weihnachtskugel-entsteht\/","title":{"rendered":"Eine Weihnachtskugel Entsteht"},"content":{"rendered":"\n<p class=\"has-text-align-center\">Hier ein kleiner Bericht \u00fcber die Entstehung einer Weihnachtsbaumspitze, bzw einer Weihnachtskugel !<\/p>\n\n\n\n<p>Begonnen wird mit 4 gleich gro\u00dfen Kanteln die an einer Stelle f\u00fcr das Motiv bis zu einem Zylinder abgesetzt werden.<\/p>\n\n\n\n<figure class=\"wp-block-image size-full is-style-default\"><img loading=\"lazy\" decoding=\"async\" width=\"960\" height=\"720\" src=\"http:\/\/www.oisdaun.at\/HM\/wp-content\/uploads\/2021\/11\/CIMG7286-960x720-1.jpg\" alt=\"\" class=\"wp-image-919\" srcset=\"https:\/\/www.oisdaun.at\/HM\/wp-content\/uploads\/2021\/11\/CIMG7286-960x720-1.jpg 960w, https:\/\/www.oisdaun.at\/HM\/wp-content\/uploads\/2021\/11\/CIMG7286-960x720-1-300x225.jpg 300w, https:\/\/www.oisdaun.at\/HM\/wp-content\/uploads\/2021\/11\/CIMG7286-960x720-1-768x576.jpg 768w\" sizes=\"auto, (max-width: 960px) 100vw, 960px\" \/><\/figure>\n\n\n\n<p>In diesen Zylinder wird ein HALBES Motiv eingedreht, &#8230;<\/p>\n\n\n\n<figure class=\"wp-block-image size-full is-style-default\"><img loading=\"lazy\" decoding=\"async\" width=\"960\" height=\"720\" src=\"http:\/\/www.oisdaun.at\/HM\/wp-content\/uploads\/2021\/11\/CIMG7287-960x720-1.jpg\" alt=\"\" class=\"wp-image-925\" srcset=\"https:\/\/www.oisdaun.at\/HM\/wp-content\/uploads\/2021\/11\/CIMG7287-960x720-1.jpg 960w, https:\/\/www.oisdaun.at\/HM\/wp-content\/uploads\/2021\/11\/CIMG7287-960x720-1-300x225.jpg 300w, https:\/\/www.oisdaun.at\/HM\/wp-content\/uploads\/2021\/11\/CIMG7287-960x720-1-768x576.jpg 768w\" sizes=\"auto, (max-width: 960px) 100vw, 960px\" \/><\/figure>\n\n\n\n<p>\u2026..vielleicht k\u00f6nnen Sie ja schon erkennen was es wird !<\/p>\n\n\n\n<figure class=\"wp-block-image size-full is-style-default\"><img loading=\"lazy\" decoding=\"async\" width=\"960\" height=\"720\" src=\"http:\/\/www.oisdaun.at\/HM\/wp-content\/uploads\/2021\/11\/CIMG7288-960x720-1.jpg\" alt=\"\" class=\"wp-image-931\" srcset=\"https:\/\/www.oisdaun.at\/HM\/wp-content\/uploads\/2021\/11\/CIMG7288-960x720-1.jpg 960w, https:\/\/www.oisdaun.at\/HM\/wp-content\/uploads\/2021\/11\/CIMG7288-960x720-1-300x225.jpg 300w, https:\/\/www.oisdaun.at\/HM\/wp-content\/uploads\/2021\/11\/CIMG7288-960x720-1-768x576.jpg 768w\" sizes=\"auto, (max-width: 960px) 100vw, 960px\" \/><\/figure>\n\n\n\n<p>nach dem drehen werden die Kantel\u00a0 verdreht, dann ist auch schon das Motiv erkennbar !<\/p>\n\n\n\n<figure class=\"wp-block-image size-full is-style-default\"><img loading=\"lazy\" decoding=\"async\" width=\"960\" height=\"720\" src=\"http:\/\/www.oisdaun.at\/HM\/wp-content\/uploads\/2021\/11\/CIMG7289-960x720-1.jpg\" alt=\"\" class=\"wp-image-937\" srcset=\"https:\/\/www.oisdaun.at\/HM\/wp-content\/uploads\/2021\/11\/CIMG7289-960x720-1.jpg 960w, https:\/\/www.oisdaun.at\/HM\/wp-content\/uploads\/2021\/11\/CIMG7289-960x720-1-300x225.jpg 300w, https:\/\/www.oisdaun.at\/HM\/wp-content\/uploads\/2021\/11\/CIMG7289-960x720-1-768x576.jpg 768w\" sizes=\"auto, (max-width: 960px) 100vw, 960px\" \/><\/figure>\n\n\n\n<figure class=\"wp-block-image size-full is-style-default\"><img loading=\"lazy\" decoding=\"async\" width=\"960\" height=\"720\" src=\"http:\/\/www.oisdaun.at\/HM\/wp-content\/uploads\/2021\/11\/CIMG7290-960x720-1.jpg\" alt=\"\" class=\"wp-image-943\" srcset=\"https:\/\/www.oisdaun.at\/HM\/wp-content\/uploads\/2021\/11\/CIMG7290-960x720-1.jpg 960w, https:\/\/www.oisdaun.at\/HM\/wp-content\/uploads\/2021\/11\/CIMG7290-960x720-1-300x225.jpg 300w, https:\/\/www.oisdaun.at\/HM\/wp-content\/uploads\/2021\/11\/CIMG7290-960x720-1-768x576.jpg 768w\" sizes=\"auto, (max-width: 960px) 100vw, 960px\" \/><\/figure>\n\n\n\n<p>Jetzt werden immer 2 H\u00e4lften gemeinsam verleimt.<\/p>\n\n\n\n<figure class=\"wp-block-image size-full is-style-default\"><img loading=\"lazy\" decoding=\"async\" width=\"960\" height=\"720\" src=\"http:\/\/www.oisdaun.at\/HM\/wp-content\/uploads\/2021\/11\/CIMG7291-960x720-1.jpg\" alt=\"\" class=\"wp-image-949\" srcset=\"https:\/\/www.oisdaun.at\/HM\/wp-content\/uploads\/2021\/11\/CIMG7291-960x720-1.jpg 960w, https:\/\/www.oisdaun.at\/HM\/wp-content\/uploads\/2021\/11\/CIMG7291-960x720-1-300x225.jpg 300w, https:\/\/www.oisdaun.at\/HM\/wp-content\/uploads\/2021\/11\/CIMG7291-960x720-1-768x576.jpg 768w\" sizes=\"auto, (max-width: 960px) 100vw, 960px\" \/><\/figure>\n\n\n\n<p>in diese H\u00e4lfte wird dann eine Halbkugel eingedrechselt<\/p>\n\n\n\n<figure class=\"wp-block-image size-full is-style-default\"><img loading=\"lazy\" decoding=\"async\" width=\"960\" height=\"720\" src=\"http:\/\/www.oisdaun.at\/HM\/wp-content\/uploads\/2021\/11\/CIMG7292-960x720-1.jpg\" alt=\"\" class=\"wp-image-955\" srcset=\"https:\/\/www.oisdaun.at\/HM\/wp-content\/uploads\/2021\/11\/CIMG7292-960x720-1.jpg 960w, https:\/\/www.oisdaun.at\/HM\/wp-content\/uploads\/2021\/11\/CIMG7292-960x720-1-300x225.jpg 300w, https:\/\/www.oisdaun.at\/HM\/wp-content\/uploads\/2021\/11\/CIMG7292-960x720-1-768x576.jpg 768w\" sizes=\"auto, (max-width: 960px) 100vw, 960px\" \/><\/figure>\n\n\n\n<p>und voila sind 2 H\u00e4lften fertig mit jeweils einer halben Kugel, die nach dem Verleimen eine gemeinsame Innenkugel ergeben.<\/p>\n\n\n\n<figure class=\"wp-block-image size-full is-style-default\"><img loading=\"lazy\" decoding=\"async\" width=\"960\" height=\"720\" src=\"http:\/\/www.oisdaun.at\/HM\/wp-content\/uploads\/2021\/11\/CIMG7293-960x720-1.jpg\" alt=\"\" class=\"wp-image-961\" srcset=\"https:\/\/www.oisdaun.at\/HM\/wp-content\/uploads\/2021\/11\/CIMG7293-960x720-1.jpg 960w, https:\/\/www.oisdaun.at\/HM\/wp-content\/uploads\/2021\/11\/CIMG7293-960x720-1-300x225.jpg 300w, https:\/\/www.oisdaun.at\/HM\/wp-content\/uploads\/2021\/11\/CIMG7293-960x720-1-768x576.jpg 768w\" sizes=\"auto, (max-width: 960px) 100vw, 960px\" \/><\/figure>\n\n\n\n<figure class=\"wp-block-image size-large is-style-default\"><img loading=\"lazy\" decoding=\"async\" width=\"768\" height=\"1024\" src=\"http:\/\/www.oisdaun.at\/HM\/wp-content\/uploads\/2021\/11\/CIMG7294-960x1280-1-768x1024.jpg\" alt=\"\" class=\"wp-image-967\" srcset=\"https:\/\/www.oisdaun.at\/HM\/wp-content\/uploads\/2021\/11\/CIMG7294-960x1280-1-768x1024.jpg 768w, https:\/\/www.oisdaun.at\/HM\/wp-content\/uploads\/2021\/11\/CIMG7294-960x1280-1-225x300.jpg 225w, https:\/\/www.oisdaun.at\/HM\/wp-content\/uploads\/2021\/11\/CIMG7294-960x1280-1.jpg 960w\" sizes=\"auto, (max-width: 768px) 100vw, 768px\" \/><\/figure>\n\n\n\n<p>Der fertig verleimte K\u00f6rper wird wieder eingespannt und dann kann die Aussenform gefertigt werden !<\/p>\n\n\n\n<figure class=\"wp-block-image size-full is-style-default\"><img loading=\"lazy\" decoding=\"async\" width=\"960\" height=\"720\" src=\"http:\/\/www.oisdaun.at\/HM\/wp-content\/uploads\/2021\/11\/CIMG7297-960x720-1.jpg\" alt=\"\" class=\"wp-image-973\" srcset=\"https:\/\/www.oisdaun.at\/HM\/wp-content\/uploads\/2021\/11\/CIMG7297-960x720-1.jpg 960w, https:\/\/www.oisdaun.at\/HM\/wp-content\/uploads\/2021\/11\/CIMG7297-960x720-1-300x225.jpg 300w, https:\/\/www.oisdaun.at\/HM\/wp-content\/uploads\/2021\/11\/CIMG7297-960x720-1-768x576.jpg 768w\" sizes=\"auto, (max-width: 960px) 100vw, 960px\" \/><\/figure>\n\n\n\n<figure class=\"wp-block-image size-full is-style-default\"><img loading=\"lazy\" decoding=\"async\" width=\"960\" height=\"720\" src=\"http:\/\/www.oisdaun.at\/HM\/wp-content\/uploads\/2021\/11\/CIMG7298-960x720-1.jpg\" alt=\"\" class=\"wp-image-979\" srcset=\"https:\/\/www.oisdaun.at\/HM\/wp-content\/uploads\/2021\/11\/CIMG7298-960x720-1.jpg 960w, https:\/\/www.oisdaun.at\/HM\/wp-content\/uploads\/2021\/11\/CIMG7298-960x720-1-300x225.jpg 300w, https:\/\/www.oisdaun.at\/HM\/wp-content\/uploads\/2021\/11\/CIMG7298-960x720-1-768x576.jpg 768w\" sizes=\"auto, (max-width: 960px) 100vw, 960px\" \/><\/figure>\n\n\n\n<p>Der fertige Christbaumspitz !<\/p>\n\n\n\n<figure class=\"wp-block-image size-large is-style-default\"><img loading=\"lazy\" decoding=\"async\" width=\"768\" height=\"1024\" src=\"http:\/\/www.oisdaun.at\/HM\/wp-content\/uploads\/2021\/11\/CIMG7307-960x1280-1-768x1024.jpg\" alt=\"Christbaumspitz aus Holz\" class=\"wp-image-985\" srcset=\"https:\/\/www.oisdaun.at\/HM\/wp-content\/uploads\/2021\/11\/CIMG7307-960x1280-1-768x1024.jpg 768w, https:\/\/www.oisdaun.at\/HM\/wp-content\/uploads\/2021\/11\/CIMG7307-960x1280-1-225x300.jpg 225w, https:\/\/www.oisdaun.at\/HM\/wp-content\/uploads\/2021\/11\/CIMG7307-960x1280-1.jpg 960w\" sizes=\"auto, (max-width: 768px) 100vw, 768px\" \/><\/figure>\n\n\n\n<p>Diese aufw\u00e4ndige Herstellung erkl\u00e4rt auch die individuelle Anfertigung mit dem jeweiligen Wunschmotiv und einen Preis von 49,- f\u00fcr die Kugel und 69,- f\u00fcr die Spitze !<\/p>\n\n\n\n<p>Motive w\u00e4ren Engel, Baum, Glocke, Kerze, Kreuz, Stern u.\u00e4.<\/p>\n","protected":false},"excerpt":{"rendered":"<p>Hier ein kleiner Bericht \u00fcber die Entstehung einer Weihnachtsbaumspitze, bzw einer Weihnachtskugel ! Begonnen wird mit 4 gleich gro\u00dfen Kanteln die an einer Stelle f\u00fcr das Motiv bis zu einem Zylinder abgesetzt werden. In diesen Zylinder wird ein HALBES Motiv eingedreht, &#8230; \u2026..vielleicht k\u00f6nnen Sie ja schon erkennen was es wird ! nach dem drehen &hellip; <a href=\"https:\/\/www.oisdaun.at\/HM\/eine-weihnachtskugel-entsteht\/\" class=\"more-link\">Continue reading <span class=\"screen-reader-text\">Eine Weihnachtskugel Entsteht<\/span> <span class=\"meta-nav\">&rarr;<\/span><\/a><\/p>\n","protected":false},"author":1,"featured_media":0,"parent":0,"menu_order":0,"comment_status":"closed","ping_status":"closed","template":"","meta":{"footnotes":""},"class_list":["post-4285","page","type-page","status-publish","hentry"],"_links":{"self":[{"href":"https:\/\/www.oisdaun.at\/HM\/wp-json\/wp\/v2\/pages\/4285","targetHints":{"allow":["GET"]}}],"collection":[{"href":"https:\/\/www.oisdaun.at\/HM\/wp-json\/wp\/v2\/pages"}],"about":[{"href":"https:\/\/www.oisdaun.at\/HM\/wp-json\/wp\/v2\/types\/page"}],"author":[{"embeddable":true,"href":"https:\/\/www.oisdaun.at\/HM\/wp-json\/wp\/v2\/users\/1"}],"replies":[{"embeddable":true,"href":"https:\/\/www.oisdaun.at\/HM\/wp-json\/wp\/v2\/comments?post=4285"}],"version-history":[{"count":2,"href":"https:\/\/www.oisdaun.at\/HM\/wp-json\/wp\/v2\/pages\/4285\/revisions"}],"predecessor-version":[{"id":4289,"href":"https:\/\/www.oisdaun.at\/HM\/wp-json\/wp\/v2\/pages\/4285\/revisions\/4289"}],"wp:attachment":[{"href":"https:\/\/www.oisdaun.at\/HM\/wp-json\/wp\/v2\/media?parent=4285"}],"curies":[{"name":"wp","href":"https:\/\/api.w.org\/{rel}","templated":true}]}}