{"id":4283,"date":"2021-11-25T12:10:01","date_gmt":"2021-11-25T11:10:01","guid":{"rendered":"http:\/\/www.oisdaun.at\/HM\/?page_id=4283"},"modified":"2021-11-25T12:10:01","modified_gmt":"2021-11-25T11:10:01","slug":"impressum","status":"publish","type":"page","link":"https:\/\/www.oisdaun.at\/HM\/impressum\/","title":{"rendered":"Impressum"},"content":{"rendered":"\n<p>&#8211; Markus Hinterreither ( im folgenden Betreiber genannt)<\/p>\n\n\n\n<p>&#8211; Raglitzerstrasse 112, A-2620 Raglitz<\/p>\n\n\n\n<p>&#8211; Mail : holzmaus99@gmail.com<\/p>\n\n\n\n<p>&#8211; &nbsp; Mitglied der Wirtschaftskammer Nieder\u00f6sterreich<\/p>\n\n\n\n<p>&#8211; Erzeugung von kunstgewerblichen Zier- und Schmuckgegenst\u00e4nden aus unedlen Metallen, Draht, Gips, Holz, Horn, Kunststoff, Leder, textilen Materialien, Stroh, Papier und Glaselementen, Gem\u00fcse und Obst sowie durch F\u00e4deln von Edelsteinen, Silber-, Glas-, Kunststoff- und Filzelementen und das Bemalen von Holz, Keramik, Porzellan, Seide, Textilien und Billets<\/p>\n\n\n\n<p><strong>Haftung f\u00fcr Inhalte<\/strong><br>Die Inhalte der Seiten wurden mit gr\u00f6\u00dfter Sorgfalt erstellt.<br>F\u00fcr die Richtigkeit, Vollst\u00e4ndigkeit und Aktualit\u00e4t der Inhalte kann der Betreiber jedoch keine Gew\u00e4hr \u00fcbernehmen.<br>Als Diensteanbieter ist der Betreiber gem\u00e4\u00df \u00a7 7 Abs.1 TMG f\u00fcr eigene Inhalte auf diesen Seiten nach den allgemeinen Gesetzen verantwortlich. Nach \u00a7\u00a7 8 bis 10 TMG ist der Betreiber als Diensteanbieter jedoch nicht verpflichtet, \u00fcbermittelte oder gespeicherte fremde Informationen zu \u00fcberwachen oder nach Umst\u00e4nden zu forschen, die auf eine rechtswidrige T\u00e4tigkeit hinweisen.<br>Verpflichtungen zur Entfernung oder Sperrung der Nutzung von Informationen nach den allgemeinen Gesetzen bleiben hiervon unber\u00fchrt.<br>Eine diesbez\u00fcgliche Haftung ist jedoch erst ab dem Zeitpunkt der Kenntnis einer konkreten Rechtsverletzung m\u00f6glich.<br>Bei Bekanntwerden von entsprechenden Rechtsverletzungen wird der Betreiber diese Inhalte umgehend entfernen.<\/p>\n\n\n\n<p><strong>Haftung f\u00fcr Links<br><\/strong>Das Angebot enth\u00e4lt Links zu externen Webseiten Dritter, auf deren Inhalte der Betreiber keinen Einfluss haben.<br>Deshalb kann der Betreiber f\u00fcr diese fremden Inhalte auch keine Gew\u00e4hr \u00fcbernehmen.<br>F\u00fcr die Inhalte der verlinkten Seiten ist stets der jeweilige Anbieter oder Betreiber der Seiten verantwortlich.<br>Die verlinkten Seiten wurden zum Zeitpunkt der Verlinkung auf m\u00f6gliche Rechtsverst\u00f6\u00dfe \u00fcberpr\u00fcft.<br>Rechtswidrige Inhalte waren zum Zeitpunkt der Verlinkung nicht erkennbar.<br>Eine permanente inhaltliche Kontrolle der verlinkten Seiten ist jedoch ohne konkrete Anhaltspunkte einer Rechtsverletzung nicht zumutbar. Bei Bekanntwerden von Rechtsverletzungen werden wir derartige Links umgehend entfernen.<\/p>\n\n\n\n<p><strong>Urheberrecht<br><\/strong>Die durch den Betreiber erstellten Inhalte und Werke auf diesen Seiten unterliegen dem deutschen Urheberrecht.<br>Die Vervielf\u00e4ltigung, Bearbeitung, Verbreitung und jede Art der Verwertung au\u00dferhalb der Grenzen des Urheberrechtes<br>bed\u00fcrfen der schriftlichen Zustimmung des jeweiligen Autors bzw. Erstellers.<br>Downloads und Kopien dieser Seite sind nur f\u00fcr den privaten, nicht kommerziellen Gebrauch gestattet.<br>Soweit die Inhalte auf dieser Seite nicht vom Betreiber erstellt wurden, werden die Urheberrechte Dritter beachtet.<br>Insbesondere werden Inhalte Dritter als solche gekennzeichnet. Sollten Sie trotzdem auf eine Urheberrechtsverletzung aufmerksam<br>werden, bittet der Betreiber um einen entsprechenden Hinweis.<br>Bei Bekanntwerden von Rechtsverletzungen der Betreiber derartige Inhalte umgehend entfernen.<\/p>\n","protected":false},"excerpt":{"rendered":"<p>&#8211; Markus Hinterreither ( im folgenden Betreiber genannt) &#8211; Raglitzerstrasse 112, A-2620 Raglitz &#8211; Mail : holzmaus99@gmail.com &#8211; &nbsp; Mitglied der Wirtschaftskammer Nieder\u00f6sterreich &#8211; Erzeugung von kunstgewerblichen Zier- und Schmuckgegenst\u00e4nden aus unedlen Metallen, Draht, Gips, Holz, Horn, Kunststoff, Leder, textilen Materialien, Stroh, Papier und Glaselementen, Gem\u00fcse und Obst sowie durch F\u00e4deln von Edelsteinen, Silber-, Glas-, &hellip; <a href=\"https:\/\/www.oisdaun.at\/HM\/impressum\/\" class=\"more-link\">Continue reading <span class=\"screen-reader-text\">Impressum<\/span> <span class=\"meta-nav\">&rarr;<\/span><\/a><\/p>\n","protected":false},"author":1,"featured_media":0,"parent":0,"menu_order":0,"comment_status":"closed","ping_status":"closed","template":"","meta":{"footnotes":""},"class_list":["post-4283","page","type-page","status-publish","hentry"],"_links":{"self":[{"href":"https:\/\/www.oisdaun.at\/HM\/wp-json\/wp\/v2\/pages\/4283","targetHints":{"allow":["GET"]}}],"collection":[{"href":"https:\/\/www.oisdaun.at\/HM\/wp-json\/wp\/v2\/pages"}],"about":[{"href":"https:\/\/www.oisdaun.at\/HM\/wp-json\/wp\/v2\/types\/page"}],"author":[{"embeddable":true,"href":"https:\/\/www.oisdaun.at\/HM\/wp-json\/wp\/v2\/users\/1"}],"replies":[{"embeddable":true,"href":"https:\/\/www.oisdaun.at\/HM\/wp-json\/wp\/v2\/comments?post=4283"}],"version-history":[{"count":1,"href":"https:\/\/www.oisdaun.at\/HM\/wp-json\/wp\/v2\/pages\/4283\/revisions"}],"predecessor-version":[{"id":4284,"href":"https:\/\/www.oisdaun.at\/HM\/wp-json\/wp\/v2\/pages\/4283\/revisions\/4284"}],"wp:attachment":[{"href":"https:\/\/www.oisdaun.at\/HM\/wp-json\/wp\/v2\/media?parent=4283"}],"curies":[{"name":"wp","href":"https:\/\/api.w.org\/{rel}","templated":true}]}}