{"id":1815,"date":"2021-11-24T12:28:15","date_gmt":"2021-11-24T11:28:15","guid":{"rendered":"http:\/\/www.oisdaun.at\/HM\/?page_id=1815"},"modified":"2021-11-24T12:28:15","modified_gmt":"2021-11-24T11:28:15","slug":"zirbenbrotdosen","status":"publish","type":"page","link":"https:\/\/www.oisdaun.at\/HM\/zirbenbrotdosen\/","title":{"rendered":"zirbenbrotdosen"},"content":{"rendered":"\n<p>Eine Brotdose aus luftgetrockneter Zirbe aus dem Ganzen gedrechselt ! Luftgetrocknet um das wertvolle \u00e4therische \u00d6l der Zirbe zu erhalten das die die Schimmelbildung praktisch g\u00e4nzlich unterbindet und aus einem St\u00fcck um die wundervolle Maserung zu geniessen ! Mit eingravierter Blume des Lebens oder ganz schlicht gehalten.<\/p>\n\n\n\n<figure class=\"wp-block-gallery columns-0 is-cropped wp-block-gallery-1 is-layout-flex wp-block-gallery-is-layout-flex\"><ul class=\"blocks-gallery-grid\"><\/ul><\/figure>\n\n\n\n<p><\/p>\n","protected":false},"excerpt":{"rendered":"<p>Eine Brotdose aus luftgetrockneter Zirbe aus dem Ganzen gedrechselt ! Luftgetrocknet um das wertvolle \u00e4therische \u00d6l der Zirbe zu erhalten das die die Schimmelbildung praktisch g\u00e4nzlich unterbindet und aus einem St\u00fcck um die wundervolle Maserung zu geniessen ! Mit eingravierter Blume des Lebens oder ganz schlicht gehalten.<\/p>\n","protected":false},"author":1,"featured_media":0,"parent":0,"menu_order":0,"comment_status":"closed","ping_status":"closed","template":"","meta":{"footnotes":""},"class_list":["post-1815","page","type-page","status-publish","hentry"],"_links":{"self":[{"href":"https:\/\/www.oisdaun.at\/HM\/wp-json\/wp\/v2\/pages\/1815","targetHints":{"allow":["GET"]}}],"collection":[{"href":"https:\/\/www.oisdaun.at\/HM\/wp-json\/wp\/v2\/pages"}],"about":[{"href":"https:\/\/www.oisdaun.at\/HM\/wp-json\/wp\/v2\/types\/page"}],"author":[{"embeddable":true,"href":"https:\/\/www.oisdaun.at\/HM\/wp-json\/wp\/v2\/users\/1"}],"replies":[{"embeddable":true,"href":"https:\/\/www.oisdaun.at\/HM\/wp-json\/wp\/v2\/comments?post=1815"}],"version-history":[{"count":2,"href":"https:\/\/www.oisdaun.at\/HM\/wp-json\/wp\/v2\/pages\/1815\/revisions"}],"predecessor-version":[{"id":2122,"href":"https:\/\/www.oisdaun.at\/HM\/wp-json\/wp\/v2\/pages\/1815\/revisions\/2122"}],"wp:attachment":[{"href":"https:\/\/www.oisdaun.at\/HM\/wp-json\/wp\/v2\/media?parent=1815"}],"curies":[{"name":"wp","href":"https:\/\/api.w.org\/{rel}","templated":true}]}}